{"id":43,"date":"2025-02-07T09:24:32","date_gmt":"2025-02-07T09:24:32","guid":{"rendered":"https:\/\/bbme.co.uk\/contacts\/"},"modified":"2025-02-07T09:24:32","modified_gmt":"2025-02-07T09:24:32","slug":"contacts","status":"publish","type":"page","link":"https:\/\/bbme.co.uk\/ro\/contacts\/","title":{"rendered":"Contacte"},"content":{"rendered":"<p>Vom fi bucuro\u0219i s\u0103 v\u0103 r\u0103spundem la orice \u00eentreb\u0103ri pe care le ave\u021bi cu privire la articolele \u0219i produsele noastre. V\u0103 rug\u0103m s\u0103 ne contacta\u021bi folosind urm\u0103toarele metode:<\/p>\n<h2>E-mail<\/h2>\n<p>Pentru orice \u00eentreb\u0103ri sau sugestii, v\u0103 rug\u0103m s\u0103 ne scrie\u021bi la urm\u0103toarea adres\u0103:<br \/>\n        <a href=\"mailto:info@bbme.co.uk\">info@bbme.co.uk<\/a>\n    <\/p>\n<h2>Formular de contact<\/h2>\n<form action=\"\/ro\/submit_form\/\" method=\"post\" data-trp-original-action=\"\/submit_form\">\n        <label for=\"name\">Nume:<\/label><br \/>\n        <input type=\"text\" id=\"name\" name=\"name\" required><\/p>\n<p>        <label for=\"email\">E-mail:<\/label><br \/>\n        <input type=\"email\" id=\"email\" name=\"email\" required><\/p>\n<p>        <label for=\"message\">Mesaj:<\/label><br \/>\n        <textarea id=\"message\" name=\"message\" rows=\"4\" required><\/textarea><\/p>\n<p>        <input type=\"submit\" value=\"Trimite\"><br \/>\n    <input type=\"hidden\" name=\"trp-form-language\" value=\"ro\"\/><\/form>\n<p>Ne angaj\u0103m s\u0103 v\u0103 r\u0103spundem c\u00e2t mai cur\u00e2nd posibil.<\/p>","protected":false},"excerpt":{"rendered":"<p>Vom fi bucuro\u0219i s\u0103 v\u0103 r\u0103spundem la orice \u00eentreb\u0103ri pe care le ave\u021bi cu privire la articolele \u0219i produsele noastre. V\u0103 rug\u0103m s\u0103 ne contacta\u021bi prin urm\u0103toarele metode: E-mail Pentru orice \u00eentreb\u0103ri sau sugestii, v\u0103 rug\u0103m s\u0103 ne scrie\u021bi la: info@bbme.co.uk Formular de contact\u2026<\/p>","protected":false},"author":1,"featured_media":0,"parent":0,"menu_order":0,"comment_status":"closed","ping_status":"closed","template":"","meta":{"_acf_changed":false,"footnotes":""},"class_list":["post-43","page","type-page","status-publish","hentry"],"acf":[],"yoast_head":"<!-- This site is optimized with the Yoast SEO plugin v23.2 - https:\/\/yoast.com\/wordpress\/plugins\/seo\/ -->\n<title>Contacts - bbme.co.uk<\/title>\n<meta name=\"description\" content=\"Contactez BBME Ltd pour toute question ou suggestion concernant nos articles et produits. Nous sommes l\u00e0 pour vous aider.\" \/>\n<meta name=\"robots\" content=\"index, follow, max-snippet:-1, max-image-preview:large, max-video-preview:-1\" \/>\n<link rel=\"canonical\" href=\"https:\/\/bbme.co.uk\/ro\/contacts\/\" \/>\n<meta property=\"og:locale\" content=\"ro_RO\" \/>\n<meta property=\"og:type\" content=\"article\" \/>\n<meta property=\"og:title\" content=\"Contacts - bbme.co.uk\" \/>\n<meta property=\"og:description\" content=\"Contactez BBME Ltd pour toute question ou suggestion concernant nos articles et produits. Nous sommes l\u00e0 pour vous aider.\" \/>\n<meta property=\"og:url\" content=\"https:\/\/bbme.co.uk\/ro\/contacts\/\" \/>\n<meta property=\"og:site_name\" content=\"bbme.co.uk\" \/>\n<meta name=\"twitter:card\" content=\"summary_large_image\" \/>\n<script type=\"application\/ld+json\" class=\"yoast-schema-graph\">{\"@context\":\"https:\/\/schema.org\",\"@graph\":[{\"@type\":\"WebPage\",\"@id\":\"https:\/\/bbme.co.uk\/contacts\/\",\"url\":\"https:\/\/bbme.co.uk\/contacts\/\",\"name\":\"Contacts - bbme.co.uk\",\"isPartOf\":{\"@id\":\"https:\/\/bbme.co.uk\/#website\"},\"datePublished\":\"2025-02-07T09:24:32+00:00\",\"dateModified\":\"2025-02-07T09:24:32+00:00\",\"description\":\"Contactez BBME Ltd pour toute question ou suggestion concernant nos articles et produits. Nous sommes l\u00e0 pour vous aider.\",\"breadcrumb\":{\"@id\":\"https:\/\/bbme.co.uk\/contacts\/#breadcrumb\"},\"inLanguage\":\"ro-RO\",\"potentialAction\":[{\"@type\":\"ReadAction\",\"target\":[\"https:\/\/bbme.co.uk\/contacts\/\"]}]},{\"@type\":\"BreadcrumbList\",\"@id\":\"https:\/\/bbme.co.uk\/contacts\/#breadcrumb\",\"itemListElement\":[{\"@type\":\"ListItem\",\"position\":1,\"name\":\"Home\",\"item\":\"https:\/\/bbme.co.uk\/\"},{\"@type\":\"ListItem\",\"position\":2,\"name\":\"Contacts\"}]},{\"@type\":\"WebSite\",\"@id\":\"https:\/\/bbme.co.uk\/#website\",\"url\":\"https:\/\/bbme.co.uk\/\",\"name\":\"bbme.co.uk\",\"description\":\"Style: D\u00e9couvrez des tenues modernes et des astuces pour un style\",\"potentialAction\":[{\"@type\":\"SearchAction\",\"target\":{\"@type\":\"EntryPoint\",\"urlTemplate\":\"https:\/\/bbme.co.uk\/?s={search_term_string}\"},\"query-input\":\"required name=search_term_string\"}],\"inLanguage\":\"ro-RO\"}]}<\/script>\n<!-- \/ Yoast SEO plugin. -->","yoast_head_json":{"title":"Contacts - bbme.co.uk","description":"Contactez BBME Ltd pour toute question ou suggestion concernant nos articles et produits. Nous sommes l\u00e0 pour vous aider.","robots":{"index":"index","follow":"follow","max-snippet":"max-snippet:-1","max-image-preview":"max-image-preview:large","max-video-preview":"max-video-preview:-1"},"canonical":"https:\/\/bbme.co.uk\/ro\/contacts\/","og_locale":"ro_RO","og_type":"article","og_title":"Contacts - bbme.co.uk","og_description":"Contactez BBME Ltd pour toute question ou suggestion concernant nos articles et produits. Nous sommes l\u00e0 pour vous aider.","og_url":"https:\/\/bbme.co.uk\/ro\/contacts\/","og_site_name":"bbme.co.uk","twitter_card":"summary_large_image","schema":{"@context":"https:\/\/schema.org","@graph":[{"@type":"WebPage","@id":"https:\/\/bbme.co.uk\/contacts\/","url":"https:\/\/bbme.co.uk\/contacts\/","name":"Contacts - bbme.co.uk","isPartOf":{"@id":"https:\/\/bbme.co.uk\/#website"},"datePublished":"2025-02-07T09:24:32+00:00","dateModified":"2025-02-07T09:24:32+00:00","description":"Contactez BBME Ltd pour toute question ou suggestion concernant nos articles et produits. Nous sommes l\u00e0 pour vous aider.","breadcrumb":{"@id":"https:\/\/bbme.co.uk\/contacts\/#breadcrumb"},"inLanguage":"ro-RO","potentialAction":[{"@type":"ReadAction","target":["https:\/\/bbme.co.uk\/contacts\/"]}]},{"@type":"BreadcrumbList","@id":"https:\/\/bbme.co.uk\/contacts\/#breadcrumb","itemListElement":[{"@type":"ListItem","position":1,"name":"Home","item":"https:\/\/bbme.co.uk\/"},{"@type":"ListItem","position":2,"name":"Contacts"}]},{"@type":"WebSite","@id":"https:\/\/bbme.co.uk\/#website","url":"https:\/\/bbme.co.uk\/","name":"bbme.co.uk","description":"Style: D\u00e9couvrez des tenues modernes et des astuces pour un style","potentialAction":[{"@type":"SearchAction","target":{"@type":"EntryPoint","urlTemplate":"https:\/\/bbme.co.uk\/?s={search_term_string}"},"query-input":"required name=search_term_string"}],"inLanguage":"ro-RO"}]}},"yoast_meta":{"yoast_wpseo_title":"","yoast_wpseo_metadesc":"","yoast_wpseo_canonical":"https:\/\/bbme.co.uk\/ro\/wp-json\/wp\/v2\/pages\/43"},"_links":{"self":[{"href":"https:\/\/bbme.co.uk\/ro\/wp-json\/wp\/v2\/pages\/43","targetHints":{"allow":["GET"]}}],"collection":[{"href":"https:\/\/bbme.co.uk\/ro\/wp-json\/wp\/v2\/pages"}],"about":[{"href":"https:\/\/bbme.co.uk\/ro\/wp-json\/wp\/v2\/types\/page"}],"author":[{"embeddable":true,"href":"https:\/\/bbme.co.uk\/ro\/wp-json\/wp\/v2\/users\/1"}],"replies":[{"embeddable":true,"href":"https:\/\/bbme.co.uk\/ro\/wp-json\/wp\/v2\/comments?post=43"}],"version-history":[{"count":0,"href":"https:\/\/bbme.co.uk\/ro\/wp-json\/wp\/v2\/pages\/43\/revisions"}],"wp:attachment":[{"href":"https:\/\/bbme.co.uk\/ro\/wp-json\/wp\/v2\/media?parent=43"}],"curies":[{"name":"wp","href":"https:\/\/api.w.org\/{rel}","templated":true}]}}