{"id":42,"date":"2025-02-07T09:24:01","date_gmt":"2025-02-07T09:24:01","guid":{"rendered":"https:\/\/bbme.co.uk\/a-propos-de-nous\/"},"modified":"2025-02-07T10:47:12","modified_gmt":"2025-02-07T10:47:12","slug":"a-propos-de-nous","status":"publish","type":"page","link":"https:\/\/bbme.co.uk\/ro\/a-propos-de-nous\/","title":{"rendered":"Despre noi"},"content":{"rendered":"<h2>ADN-ul nostru creativ<\/h2>\n<p>Bine a\u021bi venit \u00een sanctuarul nostru al stilului, unde fiecare postare este o celebrare a autoexprim\u0103rii prin mod\u0103. Blogul nostru s-a n\u0103scut dintr-o pasiune debordant\u0103 pentru haine care spun pove\u0219ti \u0219i evoc\u0103 emo\u021bii.<\/p>\n<p><img loading=\"lazy\" decoding=\"async\" class=\"aligncenter wp-image-41 size-full\" src=\"https:\/\/bbme.co.uk\/wp-content\/uploads\/2025\/02\/casual-woman-in-a-black-blazer.jpg\" alt=\"\" width=\"612\" height=\"408\" srcset=\"https:\/\/bbme.co.uk\/wp-content\/uploads\/2025\/02\/casual-woman-in-a-black-blazer.jpg 612w, https:\/\/bbme.co.uk\/wp-content\/uploads\/2025\/02\/casual-woman-in-a-black-blazer-300x200.jpg 300w\" sizes=\"auto, (max-width: 612px) 100vw, 612px\" \/><\/p>\n<h2>Simfonia vestimentar\u0103<\/h2>\n<p>Echipa noastr\u0103 de designeri pasiona\u021bi deconstruie\u0219te tendin\u021bele, analizeaz\u0103 colec\u021biile \u0219i ofer\u0103 sfaturi valoroase pentru a v\u0103 ajuta s\u0103 v\u0103 crea\u021bi garderoba ideal\u0103. Credem c\u0103 moda este o form\u0103 de art\u0103 accesibil\u0103 tuturor, o form\u0103 de exprimare care merit\u0103 explorat\u0103 \u0219i celebrat\u0103.<\/p>\n<h2>Angajamentul nostru autentic<\/h2>\n<h3>Ce ne diferen\u021biaz\u0103 \u00een lumea modei:<\/h3>\n<ul>\n<li>Analize aprofundate ale celor mai recente colec\u021bii de la designeri emergen\u021bi \u0219i consacra\u021bi<\/li>\n<li>Ghiduri practice pentru cultivarea unui stil personal autentic \u0219i durabil<\/li>\n<li>Interviuri exclusive cu exper\u021bi din industria modei<\/li>\n<li>Consultan\u021b\u0103 personalizat\u0103 pentru toate bugetele \u0219i tipurile de corp<\/li>\n<\/ul>","protected":false},"excerpt":{"rendered":"<p>ADN-ul nostru creativ Bine a\u021bi venit \u00een sanctuarul nostru stilistic, unde fiecare postare este o celebrare a autoexprim\u0103rii prin mod\u0103. Blogul nostru s-a n\u0103scut dintr-o pasiune debordant\u0103 pentru haine care spun pove\u0219ti \u0219i creeaz\u0103 emo\u021bii\u2026.<\/p>","protected":false},"author":1,"featured_media":0,"parent":0,"menu_order":0,"comment_status":"closed","ping_status":"closed","template":"","meta":{"_acf_changed":false,"footnotes":""},"class_list":["post-42","page","type-page","status-publish","hentry"],"acf":[],"yoast_head":"<!-- This site is optimized with the Yoast SEO plugin v23.2 - https:\/\/yoast.com\/wordpress\/plugins\/seo\/ -->\n<title>\u00c0 propos de nous - bbme.co.uk<\/title>\n<meta name=\"description\" content=\"D\u00e9couvrez notre passion pour la mode \u00e0 travers des articles uniques et des conseils personnalis\u00e9s. Explorez les derni\u00e8res tendances avec nos experts.\" \/>\n<meta name=\"robots\" content=\"index, follow, max-snippet:-1, max-image-preview:large, max-video-preview:-1\" \/>\n<link rel=\"canonical\" href=\"https:\/\/bbme.co.uk\/ro\/a-propos-de-nous\/\" \/>\n<meta property=\"og:locale\" content=\"ro_RO\" \/>\n<meta property=\"og:type\" content=\"article\" \/>\n<meta property=\"og:title\" content=\"\u00c0 propos de nous - bbme.co.uk\" \/>\n<meta property=\"og:description\" content=\"D\u00e9couvrez notre passion pour la mode \u00e0 travers des articles uniques et des conseils personnalis\u00e9s. Explorez les derni\u00e8res tendances avec nos experts.\" \/>\n<meta property=\"og:url\" content=\"https:\/\/bbme.co.uk\/ro\/a-propos-de-nous\/\" \/>\n<meta property=\"og:site_name\" content=\"bbme.co.uk\" \/>\n<meta property=\"article:modified_time\" content=\"2025-02-07T10:47:12+00:00\" \/>\n<meta property=\"og:image\" content=\"https:\/\/bbme.co.uk\/wp-content\/uploads\/2025\/02\/casual-woman-in-a-black-blazer.jpg\" \/>\n<meta name=\"twitter:card\" content=\"summary_large_image\" \/>\n<meta name=\"twitter:label1\" content=\"Timp estimat pentru citire\" \/>\n\t<meta name=\"twitter:data1\" content=\"2 minute\" \/>\n<script type=\"application\/ld+json\" class=\"yoast-schema-graph\">{\"@context\":\"https:\/\/schema.org\",\"@graph\":[{\"@type\":\"WebPage\",\"@id\":\"https:\/\/bbme.co.uk\/a-propos-de-nous\/\",\"url\":\"https:\/\/bbme.co.uk\/a-propos-de-nous\/\",\"name\":\"\u00c0 propos de nous - bbme.co.uk\",\"isPartOf\":{\"@id\":\"https:\/\/bbme.co.uk\/#website\"},\"primaryImageOfPage\":{\"@id\":\"https:\/\/bbme.co.uk\/a-propos-de-nous\/#primaryimage\"},\"image\":{\"@id\":\"https:\/\/bbme.co.uk\/a-propos-de-nous\/#primaryimage\"},\"thumbnailUrl\":\"https:\/\/bbme.co.uk\/wp-content\/uploads\/2025\/02\/casual-woman-in-a-black-blazer.jpg\",\"datePublished\":\"2025-02-07T09:24:01+00:00\",\"dateModified\":\"2025-02-07T10:47:12+00:00\",\"description\":\"D\u00e9couvrez notre passion pour la mode \u00e0 travers des articles uniques et des conseils personnalis\u00e9s. Explorez les derni\u00e8res tendances avec nos experts.\",\"breadcrumb\":{\"@id\":\"https:\/\/bbme.co.uk\/a-propos-de-nous\/#breadcrumb\"},\"inLanguage\":\"ro-RO\",\"potentialAction\":[{\"@type\":\"ReadAction\",\"target\":[\"https:\/\/bbme.co.uk\/a-propos-de-nous\/\"]}]},{\"@type\":\"ImageObject\",\"inLanguage\":\"ro-RO\",\"@id\":\"https:\/\/bbme.co.uk\/a-propos-de-nous\/#primaryimage\",\"url\":\"https:\/\/bbme.co.uk\/wp-content\/uploads\/2025\/02\/casual-woman-in-a-black-blazer.jpg\",\"contentUrl\":\"https:\/\/bbme.co.uk\/wp-content\/uploads\/2025\/02\/casual-woman-in-a-black-blazer.jpg\"},{\"@type\":\"BreadcrumbList\",\"@id\":\"https:\/\/bbme.co.uk\/a-propos-de-nous\/#breadcrumb\",\"itemListElement\":[{\"@type\":\"ListItem\",\"position\":1,\"name\":\"Home\",\"item\":\"https:\/\/bbme.co.uk\/\"},{\"@type\":\"ListItem\",\"position\":2,\"name\":\"\u00c0 propos de nous\"}]},{\"@type\":\"WebSite\",\"@id\":\"https:\/\/bbme.co.uk\/#website\",\"url\":\"https:\/\/bbme.co.uk\/\",\"name\":\"bbme.co.uk\",\"description\":\"Style: D\u00e9couvrez des tenues modernes et des astuces pour un style\",\"potentialAction\":[{\"@type\":\"SearchAction\",\"target\":{\"@type\":\"EntryPoint\",\"urlTemplate\":\"https:\/\/bbme.co.uk\/?s={search_term_string}\"},\"query-input\":\"required name=search_term_string\"}],\"inLanguage\":\"ro-RO\"}]}<\/script>\n<!-- \/ Yoast SEO plugin. -->","yoast_head_json":{"title":"\u00c0 propos de nous - bbme.co.uk","description":"D\u00e9couvrez notre passion pour la mode \u00e0 travers des articles uniques et des conseils personnalis\u00e9s. Explorez les derni\u00e8res tendances avec nos experts.","robots":{"index":"index","follow":"follow","max-snippet":"max-snippet:-1","max-image-preview":"max-image-preview:large","max-video-preview":"max-video-preview:-1"},"canonical":"https:\/\/bbme.co.uk\/ro\/a-propos-de-nous\/","og_locale":"ro_RO","og_type":"article","og_title":"\u00c0 propos de nous - bbme.co.uk","og_description":"D\u00e9couvrez notre passion pour la mode \u00e0 travers des articles uniques et des conseils personnalis\u00e9s. Explorez les derni\u00e8res tendances avec nos experts.","og_url":"https:\/\/bbme.co.uk\/ro\/a-propos-de-nous\/","og_site_name":"bbme.co.uk","article_modified_time":"2025-02-07T10:47:12+00:00","og_image":[{"url":"https:\/\/bbme.co.uk\/wp-content\/uploads\/2025\/02\/casual-woman-in-a-black-blazer.jpg"}],"twitter_card":"summary_large_image","twitter_misc":{"Timp estimat pentru citire":"2 minute"},"schema":{"@context":"https:\/\/schema.org","@graph":[{"@type":"WebPage","@id":"https:\/\/bbme.co.uk\/a-propos-de-nous\/","url":"https:\/\/bbme.co.uk\/a-propos-de-nous\/","name":"\u00c0 propos de nous - bbme.co.uk","isPartOf":{"@id":"https:\/\/bbme.co.uk\/#website"},"primaryImageOfPage":{"@id":"https:\/\/bbme.co.uk\/a-propos-de-nous\/#primaryimage"},"image":{"@id":"https:\/\/bbme.co.uk\/a-propos-de-nous\/#primaryimage"},"thumbnailUrl":"https:\/\/bbme.co.uk\/wp-content\/uploads\/2025\/02\/casual-woman-in-a-black-blazer.jpg","datePublished":"2025-02-07T09:24:01+00:00","dateModified":"2025-02-07T10:47:12+00:00","description":"D\u00e9couvrez notre passion pour la mode \u00e0 travers des articles uniques et des conseils personnalis\u00e9s. Explorez les derni\u00e8res tendances avec nos experts.","breadcrumb":{"@id":"https:\/\/bbme.co.uk\/a-propos-de-nous\/#breadcrumb"},"inLanguage":"ro-RO","potentialAction":[{"@type":"ReadAction","target":["https:\/\/bbme.co.uk\/a-propos-de-nous\/"]}]},{"@type":"ImageObject","inLanguage":"ro-RO","@id":"https:\/\/bbme.co.uk\/a-propos-de-nous\/#primaryimage","url":"https:\/\/bbme.co.uk\/wp-content\/uploads\/2025\/02\/casual-woman-in-a-black-blazer.jpg","contentUrl":"https:\/\/bbme.co.uk\/wp-content\/uploads\/2025\/02\/casual-woman-in-a-black-blazer.jpg"},{"@type":"BreadcrumbList","@id":"https:\/\/bbme.co.uk\/a-propos-de-nous\/#breadcrumb","itemListElement":[{"@type":"ListItem","position":1,"name":"Home","item":"https:\/\/bbme.co.uk\/"},{"@type":"ListItem","position":2,"name":"\u00c0 propos de nous"}]},{"@type":"WebSite","@id":"https:\/\/bbme.co.uk\/#website","url":"https:\/\/bbme.co.uk\/","name":"bbme.co.uk","description":"Style: D\u00e9couvrez des tenues modernes et des astuces pour un style","potentialAction":[{"@type":"SearchAction","target":{"@type":"EntryPoint","urlTemplate":"https:\/\/bbme.co.uk\/?s={search_term_string}"},"query-input":"required name=search_term_string"}],"inLanguage":"ro-RO"}]}},"yoast_meta":{"yoast_wpseo_title":"","yoast_wpseo_metadesc":"","yoast_wpseo_canonical":"https:\/\/bbme.co.uk\/ro\/wp-json\/wp\/v2\/pages\/42"},"_links":{"self":[{"href":"https:\/\/bbme.co.uk\/ro\/wp-json\/wp\/v2\/pages\/42","targetHints":{"allow":["GET"]}}],"collection":[{"href":"https:\/\/bbme.co.uk\/ro\/wp-json\/wp\/v2\/pages"}],"about":[{"href":"https:\/\/bbme.co.uk\/ro\/wp-json\/wp\/v2\/types\/page"}],"author":[{"embeddable":true,"href":"https:\/\/bbme.co.uk\/ro\/wp-json\/wp\/v2\/users\/1"}],"replies":[{"embeddable":true,"href":"https:\/\/bbme.co.uk\/ro\/wp-json\/wp\/v2\/comments?post=42"}],"version-history":[{"count":1,"href":"https:\/\/bbme.co.uk\/ro\/wp-json\/wp\/v2\/pages\/42\/revisions"}],"predecessor-version":[{"id":47,"href":"https:\/\/bbme.co.uk\/ro\/wp-json\/wp\/v2\/pages\/42\/revisions\/47"}],"wp:attachment":[{"href":"https:\/\/bbme.co.uk\/ro\/wp-json\/wp\/v2\/media?parent=42"}],"curies":[{"name":"wp","href":"https:\/\/api.w.org\/{rel}","templated":true}]}}